{"id":1702,"date":"2025-10-11T08:40:18","date_gmt":"2025-10-11T06:40:18","guid":{"rendered":"https:\/\/naszaprzeszlosc.pl\/?page_id=1702"},"modified":"2025-11-01T11:13:05","modified_gmt":"2025-11-01T10:13:05","slug":"70-lat-naszej-przeszlosci-1946-2016","status":"publish","type":"page","link":"https:\/\/naszaprzeszlosc.pl\/?page_id=1702","title":{"rendered":"70 lat \u201eNaszej Przesz\u0142o\u015bci\u201d (1946-2016)"},"content":{"rendered":"\t\t<div data-elementor-type=\"wp-page\" data-elementor-id=\"1702\" class=\"elementor elementor-1702\" data-elementor-settings=\"{&quot;ha_cmc_init_switcher&quot;:&quot;no&quot;}\">\n\t\t\t\t\t\t<section class=\"has_eae_slider elementor-section elementor-top-section elementor-element elementor-element-706291ce elementor-section-stretched elementor-section-boxed elementor-section-height-default elementor-section-height-default\" data-eae-slider=\"95695\" data-id=\"706291ce\" data-element_type=\"section\" data-e-type=\"section\" data-settings=\"{&quot;stretch_section&quot;:&quot;section-stretched&quot;,&quot;background_background&quot;:&quot;classic&quot;,&quot;_ha_eqh_enable&quot;:false}\">\n\t\t\t\t\t\t<div class=\"elementor-container elementor-column-gap-default\">\n\t\t\t\t\t<div class=\"has_eae_slider elementor-column elementor-col-100 elementor-top-column elementor-element elementor-element-12b3a8f9\" data-eae-slider=\"41570\" data-id=\"12b3a8f9\" data-element_type=\"column\" data-e-type=\"column\">\n\t\t\t<div class=\"elementor-widget-wrap elementor-element-populated\">\n\t\t\t\t\t\t<div class=\"elementor-element elementor-element-5cb603d9 elementor-widget__width-initial elementor-widget elementor-widget-heading\" data-id=\"5cb603d9\" data-element_type=\"widget\" data-e-type=\"widget\" data-widget_type=\"heading.default\">\n\t\t\t\t\t<h2 class=\"elementor-heading-title elementor-size-default\">70 lat \u201eNaszej Przesz\u0142o\u015bci\u201d (1946-2016)<\/h2>\t\t\t\t<\/div>\n\t\t\t\t<div class=\"elementor-element elementor-element-4266f9bf elementor-widget elementor-widget-text-editor\" data-id=\"4266f9bf\" data-element_type=\"widget\" data-e-type=\"widget\" data-widget_type=\"text-editor.default\">\n\t\t\t\t\t\t\t\t\t<p>W dniu 22 pa\u017adziernika 2016 r. organizowana przez Instytut Wydawniczy \u201eNasza Przesz\u0142o\u015b\u0107\u201d, Instytut Teologiczny Ksi\u0119\u017cy Misjonarzy i Katedra Archiwistyki i Nauk Pomocniczych Historii Wydzia\u0142u Historii i Dziedzictwa Kulturowego UPJPII odby\u0142a si\u0119 konferencja naukowa \u201eSzanuj\u0105c przesz\u0142o\u015b\u0107 budujemy przysz\u0142o\u015b\u0107. 70 lat \u201eNaszej Przesz\u0142o\u015bci\u201d (1946-2016)\u201d.<\/p>\t\t\t\t\t\t\t\t<\/div>\n\t\t\t\t<div class=\"elementor-element elementor-element-7b074e4f elementor-widget-divider--view-line elementor-widget elementor-widget-divider\" data-id=\"7b074e4f\" data-element_type=\"widget\" data-e-type=\"widget\" data-widget_type=\"divider.default\">\n\t\t\t\t\t\t\t<div class=\"elementor-divider\">\n\t\t\t<span class=\"elementor-divider-separator\">\n\t\t\t\t\t\t<\/span>\n\t\t<\/div>\n\t\t\t\t\t\t<\/div>\n\t\t\t\t\t<\/div>\n\t\t<\/div>\n\t\t\t\t\t<\/div>\n\t\t<\/section>\n\t\t<div class=\"has_eae_slider elementor-element elementor-element-cb1ec73 e-flex e-con-boxed e-con e-parent\" data-eae-slider=\"37278\" data-id=\"cb1ec73\" data-element_type=\"container\" data-e-type=\"container\" data-settings=\"{&quot;_ha_eqh_enable&quot;:false}\">\n\t\t\t\t\t<div class=\"e-con-inner\">\n\t\t<div class=\"has_eae_slider elementor-element elementor-element-b8ff903 e-con-full e-flex e-con e-child\" data-eae-slider=\"99937\" data-id=\"b8ff903\" data-element_type=\"container\" data-e-type=\"container\" data-settings=\"{&quot;_ha_eqh_enable&quot;:false}\">\n\t\t\t\t<div class=\"elementor-element elementor-element-79a4fcd elementor-widget elementor-widget-image\" data-id=\"79a4fcd\" data-element_type=\"widget\" data-e-type=\"widget\" data-widget_type=\"image.default\">\n\t\t\t\t\t\t\t\t\t\t\t\t\t\t\t<img fetchpriority=\"high\" decoding=\"async\" width=\"720\" height=\"1013\" src=\"https:\/\/naszaprzeszlosc.pl\/wp-content\/uploads\/2025\/10\/plakat-NP-728x1024.jpg\" class=\"attachment-large size-large wp-image-1705\" alt=\"\" srcset=\"https:\/\/naszaprzeszlosc.pl\/wp-content\/uploads\/2025\/10\/plakat-NP-728x1024.jpg 728w, https:\/\/naszaprzeszlosc.pl\/wp-content\/uploads\/2025\/10\/plakat-NP-213x300.jpg 213w, https:\/\/naszaprzeszlosc.pl\/wp-content\/uploads\/2025\/10\/plakat-NP-768x1081.jpg 768w, https:\/\/naszaprzeszlosc.pl\/wp-content\/uploads\/2025\/10\/plakat-NP.jpg 1066w\" sizes=\"(max-width: 720px) 100vw, 720px\" \/>\t\t\t\t\t\t\t\t\t\t\t\t\t\t\t<\/div>\n\t\t\t\t<\/div>\n\t\t<div class=\"has_eae_slider elementor-element elementor-element-91b424c e-con-full e-flex e-con e-child\" data-eae-slider=\"59750\" data-id=\"91b424c\" data-element_type=\"container\" data-e-type=\"container\" data-settings=\"{&quot;_ha_eqh_enable&quot;:false}\">\n\t\t\t\t<div class=\"elementor-element elementor-element-ca382d3 elementor-widget elementor-widget-text-editor\" data-id=\"ca382d3\" data-element_type=\"widget\" data-e-type=\"widget\" data-widget_type=\"text-editor.default\">\n\t\t\t\t\t\t\t\t\t<p>W dniach 23.10 \u2013 4.12.2016 r. odby\u0142a si\u0119 wystawa w Muzeum Historyczno-Misyjnym Ksi\u0119\u017cy Misjonarzy w Krakowie <strong>\u201eSzanuj\u0105c przesz\u0142o\u015b\u0107 budujemy przysz\u0142o\u015b\u0107. 70 lat \u201eNaszej Przesz\u0142o\u015bci\u201d (1946-2016)\u201d.<\/strong> G\u0142\u00f3wnym zadaniem zorganizowanej wystawy jest przybli\u017cenie tematyki artyku\u0142\u00f3w publikowanych w latach 1946 \u2013 2016 na \u0142amach periodyku naukowego \u201eNasza Przesz\u0142o\u015b\u0107 &#8211; \u00a0Studia z dziej\u00f3w Ko\u015bcio\u0142a i kultury katolickiej w Polsce\u201d.<\/p><p><strong>Wystawa sk\u0142ada si\u0119 z nast\u0119puj\u0105cych dzia\u0142\u00f3w:<\/strong><\/p><ul><li>\u017bycie i dzia\u0142alno\u015b\u0107 ks. Alfonsa Schletza CM<\/li><li>Zasoby Archiwum \u201eNaszej Przesz\u0142o\u015bci\u201d<\/li><li>Historia Ko\u015bcio\u0142a w \u015bredniowieczu<\/li><li>\u017bycie i dzia\u0142alno\u015b\u0107 biskup\u00f3w polskich<\/li><li>Dzieje diecezji<\/li><li>Historia zakon\u00f3w i zgromadze\u0144<\/li><\/ul>\t\t\t\t\t\t\t\t<\/div>\n\t\t\t\t<\/div>\n\t\t\t\t\t<\/div>\n\t\t\t\t<\/div>\n\t\t<div class=\"has_eae_slider elementor-element elementor-element-5da85c9 e-flex e-con-boxed e-con e-parent\" data-eae-slider=\"38071\" data-id=\"5da85c9\" data-element_type=\"container\" data-e-type=\"container\" data-settings=\"{&quot;_ha_eqh_enable&quot;:false}\">\n\t\t\t\t\t<div class=\"e-con-inner\">\n\t\t\t\t<div class=\"elementor-element elementor-element-8b11d37 elementor-widget elementor-widget-text-editor\" data-id=\"8b11d37\" data-element_type=\"widget\" data-e-type=\"widget\" data-widget_type=\"text-editor.default\">\n\t\t\t\t\t\t\t\t\t<p>W dniu 22 pa\u017adziernika 2016 r. organizowana przez Instytut Wydawniczy \u201eNasza Przesz\u0142o\u015b\u0107\u201d, Instytut Teologiczny Ksi\u0119\u017cy Misjonarzy i Katedra Archiwistyki i Nauk Pomocniczych Historii Wydzia\u0142u Historii i Dziedzictwa Kulturowego UPJPII odby\u0142a si\u0119 konferencja naukowa \u201eSzanuj\u0105c przesz\u0142o\u015b\u0107 budujemy przysz\u0142o\u015b\u0107. 70 lat \u201eNaszej Przesz\u0142o\u015bci\u201d (1946-2016)\u201d.<\/p><p>Konferencja rozpocz\u0119\u0142a si\u0119 o godz. 9.00 Msza \u015bw. koncelebrowan\u0105 pod przewodnictwem J. E. Ks. Bpa prof. dra hab. Jana Kopca, ordynariusza diecezji gliwickiej. Po mszy \u015bw. w Auli Instytutu Teologicznego Ksi\u0119\u017cy Misjonarzy w Krakowie odby\u0142a si\u0119 Konferencja Naukowa kt\u00f3r\u0105 prowadzi\u0142 \u2013 ks. dr Pawe\u0142 Holc CM UPJPII \u2013 Rektor ITKM, a s\u0142owo wprowadzenia mia\u0142 ks. dr Wac\u0142aw Umi\u0144ski CM UPJPII, redaktor naczelny NP.\u00a0Nast\u0119pnie by\u0142y referaty:<\/p><ul><li><strong>Historia i zas\u00f3b Archiwum \u201eNaszej Przesz\u0142o\u015bci\u201d<\/strong> \u2013 ks. prof. dr hab. J\u00f3zef Marecki UPJPII,<\/li><li><strong>Tematyka ko\u015bcio\u0142a \u015bredniowiecznego na \u0142amach \u201eNaszej Przesz\u0142o\u015bci\u201d<\/strong> \u2013 ks. dr hab. W\u0142odzimierz Bielak KUL,<\/li><li><strong>Czasopismo \u201eNasza Przesz\u0142o\u015b\u0107\u201d o Millenium<\/strong> \u2013 ks. dr hab. Dominik Zamiata\u0142a CMF, prof. UKSW,<\/li><li><strong>Dzieje diecezji na \u0142amach czasopisma \u201eNasza Przesz\u0142o\u015b\u0107<\/strong> \u2013 ks. dr hab. Mieczys\u0142aw R\u00f3\u017ca\u0144ski, prof. UWM,<\/li><li><strong>Czasopismo \u201eNasza Przesz\u0142o\u015b\u0107\u201d jako \u017ar\u00f3d\u0142o do historii zakon\u00f3w i zgromadze\u0144 w Polsce <\/strong>\u2013 ks. dr Wac\u0142aw Umi\u0144ski CM UPJPII.<\/li><\/ul><p>Panel dyskusyjny: Rola i znaczenie \u201eNaszej Przesz\u0142o\u015bci\u201d Prowadzenie \u2013 ks. prof. dr hab. J\u00f3zef Marecki UPJPII.<\/p><p>\u201eNasza Przesz\u0142o\u015b\u0107\u201d jest czasopismem po\u015bwi\u0119conym studiom z dziej\u00f3w Ko\u015bcio\u0142a i kultury katolickiej w Polsce. Ju\u017c w pierwszym tomie wydanym w 1946 r. sformu\u0142owano program: \u201eWszystko zatem, co tylko ma zwi\u0105zek z histori\u0105 kultury katolickiej w Polsce stanie si\u0119 przedmiotem zainteresowa\u0144 naszych i bada\u0144. B\u0119dziemy zamieszcza\u0107 rozprawy z dziedziny historii Ko\u015bcio\u0142a w Polsce, historii zakon\u00f3w, historii teologii, dziej\u00f3w pracy misyjnej w kraju naszym i za granic\u0105; rozprawy og\u00f3lniejszej natury, teologiczne i filozoficzne, historyczno-prawne spo\u0142eczne zwi\u0105zane z kultur\u0105 polsk\u0105, znajd\u0105 r\u00f3wnie\u017c miejsce na \u0142amach naszego wydawnictwa. [\u2026]<\/p>\t\t\t\t\t\t\t\t<\/div>\n\t\t\t\t\t<\/div>\n\t\t\t\t<\/div>\n\t\t\t\t<\/div>\n\t\t","protected":false},"excerpt":{"rendered":"<p>70 lat \u201eNaszej Przesz\u0142o\u015bci\u201d (1946-2016) W dniu 22 pa\u017adziernika 2016 r. organizowana przez Instytut Wydawniczy \u201eNasza Przesz\u0142o\u015b\u0107\u201d, Instytut Teologiczny Ksi\u0119\u017cy Misjonarzy i Katedra Archiwistyki i Nauk Pomocniczych Historii Wydzia\u0142u Historii i Dziedzictwa Kulturowego UPJPII odby\u0142a si\u0119 konferencja naukowa \u201eSzanuj\u0105c przesz\u0142o\u015b\u0107 budujemy przysz\u0142o\u015b\u0107. 70 lat \u201eNaszej Przesz\u0142o\u015bci\u201d (1946-2016)\u201d. W dniach 23.10 \u2013 4.12.2016 r. odby\u0142a si\u0119 wystawa w Muzeum Historyczno-Misyjnym Ksi\u0119\u017cy [&hellip;]<\/p>\n","protected":false},"author":1,"featured_media":0,"parent":0,"menu_order":0,"comment_status":"closed","ping_status":"closed","template":"","meta":{"footnotes":""},"class_list":["post-1702","page","type-page","status-publish","hentry"],"_links":{"self":[{"href":"https:\/\/naszaprzeszlosc.pl\/index.php?rest_route=\/wp\/v2\/pages\/1702","targetHints":{"allow":["GET"]}}],"collection":[{"href":"https:\/\/naszaprzeszlosc.pl\/index.php?rest_route=\/wp\/v2\/pages"}],"about":[{"href":"https:\/\/naszaprzeszlosc.pl\/index.php?rest_route=\/wp\/v2\/types\/page"}],"author":[{"embeddable":true,"href":"https:\/\/naszaprzeszlosc.pl\/index.php?rest_route=\/wp\/v2\/users\/1"}],"replies":[{"embeddable":true,"href":"https:\/\/naszaprzeszlosc.pl\/index.php?rest_route=%2Fwp%2Fv2%2Fcomments&post=1702"}],"version-history":[{"count":7,"href":"https:\/\/naszaprzeszlosc.pl\/index.php?rest_route=\/wp\/v2\/pages\/1702\/revisions"}],"predecessor-version":[{"id":1773,"href":"https:\/\/naszaprzeszlosc.pl\/index.php?rest_route=\/wp\/v2\/pages\/1702\/revisions\/1773"}],"wp:attachment":[{"href":"https:\/\/naszaprzeszlosc.pl\/index.php?rest_route=%2Fwp%2Fv2%2Fmedia&parent=1702"}],"curies":[{"name":"wp","href":"https:\/\/api.w.org\/{rel}","templated":true}]}}