{"id":1853,"date":"2025-11-24T16:01:51","date_gmt":"2025-11-24T15:01:51","guid":{"rendered":"https:\/\/naszaprzeszlosc.pl\/?page_id=1853"},"modified":"2025-11-24T16:49:33","modified_gmt":"2025-11-24T15:49:33","slug":"konferencja","status":"publish","type":"page","link":"https:\/\/naszaprzeszlosc.pl\/?page_id=1853","title":{"rendered":"Dzia\u0142alno\u015b\u0107 dobroczynna Ko\u015bcio\u0142a"},"content":{"rendered":"\t\t<div data-elementor-type=\"wp-page\" data-elementor-id=\"1853\" class=\"elementor elementor-1853\" data-elementor-settings=\"{&quot;ha_cmc_init_switcher&quot;:&quot;no&quot;}\">\n\t\t\t\t\t\t<section class=\"has_eae_slider elementor-section elementor-top-section elementor-element elementor-element-29f79ce7 elementor-section-stretched elementor-section-boxed elementor-section-height-default elementor-section-height-default\" data-eae-slider=\"45307\" data-id=\"29f79ce7\" data-element_type=\"section\" data-e-type=\"section\" data-settings=\"{&quot;stretch_section&quot;:&quot;section-stretched&quot;,&quot;background_background&quot;:&quot;classic&quot;,&quot;_ha_eqh_enable&quot;:false}\">\n\t\t\t\t\t\t<div class=\"elementor-container elementor-column-gap-default\">\n\t\t\t\t\t<div class=\"has_eae_slider elementor-column elementor-col-100 elementor-top-column elementor-element elementor-element-21873ab0\" data-eae-slider=\"59427\" data-id=\"21873ab0\" data-element_type=\"column\" data-e-type=\"column\">\n\t\t\t<div class=\"elementor-widget-wrap elementor-element-populated\">\n\t\t\t\t\t\t<div class=\"elementor-element elementor-element-6981d362 elementor-widget__width-initial elementor-widget elementor-widget-heading\" data-id=\"6981d362\" data-element_type=\"widget\" data-e-type=\"widget\" data-widget_type=\"heading.default\">\n\t\t\t\t\t<h2 class=\"elementor-heading-title elementor-size-default\">Og\u00f3lnopolska konferencja naukowa<\/h2>\t\t\t\t<\/div>\n\t\t\t\t<div class=\"elementor-element elementor-element-3e8bbc10 elementor-widget elementor-widget-text-editor\" data-id=\"3e8bbc10\" data-element_type=\"widget\" data-e-type=\"widget\" data-widget_type=\"text-editor.default\">\n\t\t\t\t\t\t\t\t\t<p>\u201eDzia\u0142alno\u015b\u0107 dobroczynna Ko\u015bcio\u0142a katolickiego na ziemiach polskich oraz w\u015br\u00f3d Polak\u00f3w i Polonii w XIX i XX wieku\u201d<\/p>\t\t\t\t\t\t\t\t<\/div>\n\t\t\t\t<div class=\"elementor-element elementor-element-1bc5bbba elementor-widget-divider--view-line elementor-widget elementor-widget-divider\" data-id=\"1bc5bbba\" data-element_type=\"widget\" data-e-type=\"widget\" data-widget_type=\"divider.default\">\n\t\t\t\t\t\t\t<div class=\"elementor-divider\">\n\t\t\t<span class=\"elementor-divider-separator\">\n\t\t\t\t\t\t<\/span>\n\t\t<\/div>\n\t\t\t\t\t\t<\/div>\n\t\t\t\t\t<\/div>\n\t\t<\/div>\n\t\t\t\t\t<\/div>\n\t\t<\/section>\n\t\t<div class=\"has_eae_slider elementor-element elementor-element-aef610b e-flex e-con-boxed e-con e-parent\" data-eae-slider=\"23406\" data-id=\"aef610b\" data-element_type=\"container\" data-e-type=\"container\" data-settings=\"{&quot;_ha_eqh_enable&quot;:false}\">\n\t\t\t\t\t<div class=\"e-con-inner\">\n\t\t\t\t<div class=\"elementor-element elementor-element-0fbc132 elementor-widget elementor-widget-image\" data-id=\"0fbc132\" data-element_type=\"widget\" data-e-type=\"widget\" data-widget_type=\"image.default\">\n\t\t\t\t\t\t\t\t\t\t\t\t\t\t\t<img fetchpriority=\"high\" decoding=\"async\" width=\"720\" height=\"281\" src=\"https:\/\/naszaprzeszlosc.pl\/wp-content\/uploads\/2025\/11\/Baner1-1024x400.jpg\" class=\"attachment-large size-large wp-image-1856\" alt=\"\" srcset=\"https:\/\/naszaprzeszlosc.pl\/wp-content\/uploads\/2025\/11\/Baner1-1024x400.jpg 1024w, https:\/\/naszaprzeszlosc.pl\/wp-content\/uploads\/2025\/11\/Baner1-300x117.jpg 300w, https:\/\/naszaprzeszlosc.pl\/wp-content\/uploads\/2025\/11\/Baner1-768x300.jpg 768w, https:\/\/naszaprzeszlosc.pl\/wp-content\/uploads\/2025\/11\/Baner1.jpg 1280w\" sizes=\"(max-width: 720px) 100vw, 720px\" \/>\t\t\t\t\t\t\t\t\t\t\t\t\t\t\t<\/div>\n\t\t\t\t\t<\/div>\n\t\t\t\t<\/div>\n\t\t<div class=\"has_eae_slider elementor-element elementor-element-2cc3886 e-flex e-con-boxed e-con e-parent\" data-eae-slider=\"86869\" data-id=\"2cc3886\" data-element_type=\"container\" data-e-type=\"container\" data-settings=\"{&quot;_ha_eqh_enable&quot;:false}\">\n\t\t\t\t\t<div class=\"e-con-inner\">\n\t\t\t\t<div class=\"elementor-element elementor-element-59a0e61 elementor-widget elementor-widget-text-editor\" data-id=\"59a0e61\" data-element_type=\"widget\" data-e-type=\"widget\" data-widget_type=\"text-editor.default\">\n\t\t\t\t\t\t\t\t\t<p><strong>Termin<\/strong><br \/>26 listopada 2025<\/p><p><strong>Miejsce<\/strong><br \/>Aula Instytutu Teologicznego Ksi\u0119\u017cy Misjonarzy w Krakowie<br \/><a href=\"https:\/\/www.google.com\/maps\/place\/Instytut+Teologiczny+Ksi%C4%99%C5%BCy+Misjonarzy\/@50.0538249,19.937231,797m\/data=!3m2!1e3!4b1!4m6!3m5!1s0x47165b4b115d1a2d:0x38d92556d9b36ed7!8m2!3d50.0538249!4d19.9398059!16s%2Fg%2F11q3m7yzp0?entry=ttu&amp;g_ep=EgoyMDI1MTAyMi4wIKXMDSoASAFQAw%3D%3D\">ul. Stradomska 4<\/a>, 31-048 Krak\u00f3w<\/p><div><strong>Organizatorzy<\/strong><\/div><ul><li>Instytut Teologiczny Ksi\u0119\u017cy Misjonarzy w Krakowie<\/li><li>Instytut Wydawniczy Ksi\u0119\u017cy Misjonarzy \u201eNasza Przesz\u0142o\u015b\u0107\u201d w Krakowie<\/li><li>Sekcja Historyczna Polskiego Towarzystwa Teologicznego<\/li><\/ul><div><strong>Honorowy patronat<\/strong><\/div><ul><li><div>Polskie Towarzystwo Teologiczne<\/div><\/li><\/ul>\t\t\t\t\t\t\t\t<\/div>\n\t\t\t\t\t<\/div>\n\t\t\t\t<\/div>\n\t\t<div class=\"has_eae_slider elementor-element elementor-element-49a47f7 e-flex e-con-boxed e-con e-parent\" data-eae-slider=\"63913\" data-id=\"49a47f7\" data-element_type=\"container\" data-e-type=\"container\" data-settings=\"{&quot;_ha_eqh_enable&quot;:false}\">\n\t\t\t\t\t<div class=\"e-con-inner\">\n\t\t\t\t<div class=\"elementor-element elementor-element-b6fd1dd elementor-widget elementor-widget-text-editor\" data-id=\"b6fd1dd\" data-element_type=\"widget\" data-e-type=\"widget\" data-widget_type=\"text-editor.default\">\n\t\t\t\t\t\t\t\t\t<p><strong>PROGRAM KONFERENCJI 26 XI 2025<\/strong><\/p><p><strong>9.00-9.15<\/strong> <strong>&#8211;<\/strong> Powitanie go\u015bci i uroczyste otwarcie konferencji ks. dr Szczepan Szpoton CM, UPJPII Dyrektor Instytutu Teologicznego Ksi\u0119\u017cy Misjonarzy<\/p><p><strong>SESJA I<\/strong><br \/><strong>Moderator:<\/strong> ks. dr Adam Szot (Archiwum Archidiecezjalne w Bia\u0142ymstoku)<\/p><p><strong>9.15-9.30 &#8211; <\/strong><strong>mgr lic. Miko\u0142aj We\u0142nic<\/strong> (Szko\u0142a Doktorska Nauk Humanistycznych UAM Pozna\u0144) &#8211; <em>Dzia\u0142alno\u015b\u0107 dobroczynna Zgromadzenia Si\u00f3str Serafitek na ziemiach polskich w latach 1881-1939<\/em><\/p><p><strong>9.30-9.45 &#8211; <\/strong><strong>ks. dr Wac\u0142aw Umi\u0144ski CM<\/strong> (Uniwersytet Papieski Jana Paw\u0142a II w Krakowie) &#8211; <em>Dzia\u0142alno\u015b\u0107 dobroczynna Towarzystwa \u015bw. Wincentego a Paulo w Poznaniu w latach 1850\u20141938 w \u015bwietle sprawozda\u0144<\/em><\/p><p><strong>9.45-10.00 &#8211; <\/strong><strong>dr El\u017cbieta s. Monika Albiniak<\/strong> (IPN Oddzia\u0142 w Warszawie) &#8211; <em>\u201eB\u0119dziecie otwiera\u0107 niebo duszom prawie ju\u017c straconym\u201d. Od dobroczynno\u015bci do dzie\u0142 mi\u0142osierdzia funkcjonuj\u0105cych w Zak\u0142adzie \u015bw. Teresy we Lwowie prowadzonym przez Zgromadzenie Si\u00f3str Opatrzno\u015bci Bo\u017cej<\/em><\/p><p><strong>10.00-10.15 &#8211; <\/strong><strong>mgr Jan Mas\u0142yk, doktorant<\/strong> UPJPII (Uniwersytet Papieski Jana Paw\u0142a II w Krakowie) &#8211; <em>Pos\u0142uga Dobrych Braci pod ka\u017cdym niebem<\/em><\/p><p><strong>10.15-10.30 Przerwa kawowa<\/strong><\/p><p><strong>SESJA II<\/strong><br \/><strong>Moderator:<\/strong> ks. dr hab. J\u00f3zef Szyma\u0144ski, prof. UP (Uniwersytet Pomorski w S\u0142upsku)<\/p><p><strong>10.30-10.45 &#8211; <\/strong><strong>ks. dr hab. Mieczys\u0142aw R\u00f3\u017ca\u0144ski, prof. UWM<\/strong> (Uniwersytet Warmi\u0144sko-Mazurski w Olsztynie) &#8211; <em>Dzia\u0142alno\u015b\u0107 Towarzystwa Schronisk \u015bw. Stanis\u0142awa Kostki w czasie I wojny \u015bwiatowej<\/em><\/p><p><strong>10.45-11.00 &#8211; <\/strong><strong>ks. dr Adam Szot<\/strong> (Archiwum Archidiecezjalne w Bia\u0142ymstoku) &#8211; <em>Dzia\u0142alno\u015b\u0107 charytatywna Ko\u015bcio\u0142a na terenie archidiecezji wile\u0144skiej w latach 1925-1939<\/em><\/p><p><strong>11.00-11.15 &#8211; <\/strong><strong>s. Maria Sylwia Bekus CR<\/strong> (filia Archiwum Generalnego Si\u00f3str Zmartwychwstanek w K\u0119tach) &#8211; R<em>\u00f3\u017cnorodna forma dzia\u0142alno\u015bci dobroczynnej Si\u00f3str Zmartwychwstanek w latach okupacji<\/em><\/p><p><strong>11.15-11.30 &#8211; <\/strong><strong>ks. prof. dr hab. J\u00f3zef Marecki<\/strong> (BBH IPN Warszawa) &#8211; <em>Plac\u00f3wki szpitalne i opieku\u0144cze prowadzone przez siostry zakonne na terenie wojew\u00f3dztwa krakowskiego po II wojnie \u015bwiatowej w \u015bwietle zachowanej dokumentacji sporz\u0105dzonej przez funkcjonariuszy aparatu bezpiecze\u0144stwa<\/em><\/p><p><strong>11.30-11.45 &#8211; <\/strong><strong>dr Agnieszka Szmerek<\/strong> (Uniwersytet Papieski Jana Paw\u0142a II w Krakowie) &#8211; <em>Powo\u0142ani, by nie\u015b\u0107 \u201eDobro i Pok\u00f3j&#8221; \u2014 dobroczynno\u015b\u0107 krakowskich kapucyn\u00f3w w XX wieku<\/em><\/p><p><strong>11.45-12.00 Dyskusja<\/strong><\/p><p><strong>12.00-12.30 Przerwa kawowa<\/strong><\/p><p><strong>SESJA III<\/strong><br \/><strong>Moderator:<\/strong> ks. prof. dr hab. J\u00f3zef Marecki (BBH IPN Warszawa)<\/p><p><strong>12.30-12.45 &#8211; <\/strong><strong>dr Raisa Zianiuk<\/strong> (Kolegium katechetyczne im. Zygmunta \u0141ozi\u0144skiego, Baranowicze) &#8211; <em>\u201ePrzymusowa dobroczynno\u015b\u0107&#8221;: Realizacja pa\u0144stwowych inicjatyw charytatywnych przez klasztory katolickie na ziemiach bia\u0142orusko-litewskich w XIX wieku<\/em><\/p><p><strong>12.45-13.00 &#8211; <\/strong><strong>dr Daniel Kiper<\/strong> (Katolicki Uniwersytet Lubelski Jana Paw\u0142a II) &#8211; <em>Formy aktywno\u015bci charytatywnej Polonii ameryka\u0144skiej w II po\u0142owie XIX wieku (do 1890 r.) na przyk\u0142adzie funkcjonowania organizacji katolickich<\/em><\/p><p><strong>13.00-13.15 &#8211; <\/strong><strong>dr hab. Irena Wodzianowska<\/strong> (Katolicki Uniwersytet Lubelski Jana Paw\u0142a II) &#8211; <em>Zarys dzia\u0142alno\u015bci Towarzystwa Wincentego a Paulo w Sankt-Petersburgu<\/em><\/p><p><strong>13.15\u201313.30 &#8211; <\/strong><strong>ks. dr hab. J\u00f3zef Szyma\u0144ski, prof. UP<\/strong> (Uniwersytet Pomorski w S\u0142upsku) &#8211; <em>Dzia\u0142alno\u015b\u0107 charytatywna duchowie\u0144stwa polskiego w\u015br\u00f3d emigracji polskiej w Stanach Zjednoczonych na \u0142amach tamtejszej prasy polskoj\u0119zycznej w latach 1890-1920<\/em><\/p><p><strong>13.30-13.45 Dyskusja<\/strong><\/p><p><strong>13.50-14.40 Obiad<\/strong><\/p><p><strong>SESJA IV<\/strong><br \/><strong>Moderator:<\/strong> dr hab. Irena Wodzianowska (Katolicki Uniwersytet Lubelski Jana Paw\u0142a II)<\/p><p><strong>14.45-15.00 &#8211; <\/strong><strong>s. Dorota Kostka ZSAPU<\/strong> (Archiwum Zgromadzenia Si\u00f3str Albertynek Pos\u0142uguj\u0105cych Ubogim w Krakowie) &#8211; <em>Dzia\u0142alno\u015b\u0107 Brata Alberta Chmielowskiego oraz za\u0142o\u017conych przez niego wsp\u00f3lnot jako odpowied\u017a na sytuacj\u0119 spo\u0142eczn\u0105 prze\u0142omu XIX i XX wieku na przyk\u0142adzie miejsc ich pos\u0142ugi w Krakowie<\/em><\/p><p><strong>15.00-15.15 &#8211; <\/strong><strong>s. Beata Wide\u0142ka SM<\/strong> (Archiwum Krakowskiej Prowincji Zgromadzenia Si\u00f3str Mi\u0142osierdzia \u015bw. Wincentego a Paulo) &#8211; <em>\u201eTam, gdzie karmi\u0105 Ubogich&#8221; s. Izydora K\u00f3nigsmann<\/em><\/p><p><strong>15.15-15.30 &#8211; <\/strong><strong>kl. Jakub Bomba<\/strong> (WMSD Cz\u0119stochowa) &#8211; <em>Dzia\u0142alno\u015b\u0107 dobroczynna ks. Pu\u0142kownika Tadeusza D\u0142ubacza<\/em><\/p><p><strong>15.30-15.45 &#8211; <\/strong><strong>dr Monika Litwi\u0144ska<\/strong> (IPN Warszawa) &#8211; <em>Zbigniew Ferczyk (1925-2021) jako realizator idei chrze\u015bcija\u0144skiej dobroczynno\u015bci w warunkach pa\u0144stwa autorytarnego. Studium przypadku PRL<\/em><\/p><p><strong>15.45-16.00 Dyskusja<\/strong><\/p><p><strong>16.00-16.15 Podsumowanie i zamkni\u0119cie konferencji<\/strong><\/p>\t\t\t\t\t\t\t\t<\/div>\n\t\t\t\t\t<\/div>\n\t\t\t\t<\/div>\n\t\t\t\t<\/div>\n\t\t","protected":false},"excerpt":{"rendered":"<p>Og\u00f3lnopolska konferencja naukowa \u201eDzia\u0142alno\u015b\u0107 dobroczynna Ko\u015bcio\u0142a katolickiego na ziemiach polskich oraz w\u015br\u00f3d Polak\u00f3w i Polonii w XIX i XX wieku\u201d Termin26 listopada 2025 MiejsceAula Instytutu Teologicznego Ksi\u0119\u017cy Misjonarzy w Krakowieul. Stradomska 4, 31-048 Krak\u00f3w Organizatorzy Instytut Teologiczny Ksi\u0119\u017cy Misjonarzy w Krakowie Instytut Wydawniczy Ksi\u0119\u017cy Misjonarzy \u201eNasza Przesz\u0142o\u015b\u0107\u201d w Krakowie Sekcja Historyczna Polskiego Towarzystwa Teologicznego Honorowy patronat Polskie Towarzystwo Teologiczne PROGRAM [&hellip;]<\/p>\n","protected":false},"author":1,"featured_media":0,"parent":0,"menu_order":0,"comment_status":"closed","ping_status":"closed","template":"","meta":{"footnotes":""},"class_list":["post-1853","page","type-page","status-publish","hentry"],"_links":{"self":[{"href":"https:\/\/naszaprzeszlosc.pl\/index.php?rest_route=\/wp\/v2\/pages\/1853","targetHints":{"allow":["GET"]}}],"collection":[{"href":"https:\/\/naszaprzeszlosc.pl\/index.php?rest_route=\/wp\/v2\/pages"}],"about":[{"href":"https:\/\/naszaprzeszlosc.pl\/index.php?rest_route=\/wp\/v2\/types\/page"}],"author":[{"embeddable":true,"href":"https:\/\/naszaprzeszlosc.pl\/index.php?rest_route=\/wp\/v2\/users\/1"}],"replies":[{"embeddable":true,"href":"https:\/\/naszaprzeszlosc.pl\/index.php?rest_route=%2Fwp%2Fv2%2Fcomments&post=1853"}],"version-history":[{"count":9,"href":"https:\/\/naszaprzeszlosc.pl\/index.php?rest_route=\/wp\/v2\/pages\/1853\/revisions"}],"predecessor-version":[{"id":1870,"href":"https:\/\/naszaprzeszlosc.pl\/index.php?rest_route=\/wp\/v2\/pages\/1853\/revisions\/1870"}],"wp:attachment":[{"href":"https:\/\/naszaprzeszlosc.pl\/index.php?rest_route=%2Fwp%2Fv2%2Fmedia&parent=1853"}],"curies":[{"name":"wp","href":"https:\/\/api.w.org\/{rel}","templated":true}]}}