{"id":692,"date":"2025-10-05T08:44:08","date_gmt":"2025-10-05T06:44:08","guid":{"rendered":"https:\/\/naszaprzeszlosc.pl\/?page_id=692"},"modified":"2025-11-01T20:33:51","modified_gmt":"2025-11-01T19:33:51","slug":"procedura","status":"publish","type":"page","link":"https:\/\/naszaprzeszlosc.pl\/?page_id=692","title":{"rendered":"Procedura"},"content":{"rendered":"\t\t<div data-elementor-type=\"wp-page\" data-elementor-id=\"692\" class=\"elementor elementor-692\" data-elementor-settings=\"{&quot;ha_cmc_init_switcher&quot;:&quot;no&quot;}\">\n\t\t\t\t\t\t<section class=\"has_eae_slider elementor-section elementor-top-section elementor-element elementor-element-767283a8 elementor-section-stretched elementor-section-boxed elementor-section-height-default elementor-section-height-default\" data-eae-slider=\"80417\" data-id=\"767283a8\" data-element_type=\"section\" data-e-type=\"section\" data-settings=\"{&quot;stretch_section&quot;:&quot;section-stretched&quot;,&quot;background_background&quot;:&quot;classic&quot;,&quot;_ha_eqh_enable&quot;:false}\">\n\t\t\t\t\t\t<div class=\"elementor-container elementor-column-gap-default\">\n\t\t\t\t\t<div class=\"has_eae_slider elementor-column elementor-col-100 elementor-top-column elementor-element elementor-element-39873092\" data-eae-slider=\"15023\" data-id=\"39873092\" data-element_type=\"column\" data-e-type=\"column\">\n\t\t\t<div class=\"elementor-widget-wrap elementor-element-populated\">\n\t\t\t\t\t\t<div class=\"elementor-element elementor-element-23558c57 elementor-widget__width-initial elementor-widget elementor-widget-heading\" data-id=\"23558c57\" data-element_type=\"widget\" data-e-type=\"widget\" data-widget_type=\"heading.default\">\n\t\t\t\t\t<h2 class=\"elementor-heading-title elementor-size-default\">PROCEDURA<\/h2>\t\t\t\t<\/div>\n\t\t\t\t<div class=\"elementor-element elementor-element-5a1e2f37 elementor-widget elementor-widget-text-editor\" data-id=\"5a1e2f37\" data-element_type=\"widget\" data-e-type=\"widget\" data-widget_type=\"text-editor.default\">\n\t\t\t\t\t\t\t\t\t<p>Procedura recenzowania artyku\u0142\u00f3w naukowych<\/p>\t\t\t\t\t\t\t\t<\/div>\n\t\t\t\t<div class=\"elementor-element elementor-element-1b73c244 elementor-widget-divider--view-line elementor-widget elementor-widget-divider\" data-id=\"1b73c244\" data-element_type=\"widget\" data-e-type=\"widget\" data-widget_type=\"divider.default\">\n\t\t\t\t\t\t\t<div class=\"elementor-divider\">\n\t\t\t<span class=\"elementor-divider-separator\">\n\t\t\t\t\t\t<\/span>\n\t\t<\/div>\n\t\t\t\t\t\t<\/div>\n\t\t\t\t\t<\/div>\n\t\t<\/div>\n\t\t\t\t\t<\/div>\n\t\t<\/section>\n\t\t<div class=\"has_eae_slider elementor-element elementor-element-cac1f7c e-flex e-con-boxed e-con e-parent\" data-eae-slider=\"17410\" data-id=\"cac1f7c\" data-element_type=\"container\" data-e-type=\"container\" data-settings=\"{&quot;_ha_eqh_enable&quot;:false}\">\n\t\t\t\t\t<div class=\"e-con-inner\">\n\t\t\t\t<div class=\"elementor-element elementor-element-c483b4b elementor-widget elementor-widget-text-editor\" data-id=\"c483b4b\" data-element_type=\"widget\" data-e-type=\"widget\" data-widget_type=\"text-editor.default\">\n\t\t\t\t\t\t\t\t\t<ol><li>Procedura recenzowania artyku\u0142\u00f3w w jest zgodna z zaleceniami opisanymi w broszurze Ministerstwa Nauki Szkolnictwa Wy\u017cszego \u201eDobre praktyki w procedurach recenzyjnych w nauce\u201d, Warszawa 2011.<\/li><li>Autorzy przysy\u0142aj\u0105c prac\u0119 do publikacji w czasopi\u015bmie wyra\u017caj\u0105 zgod\u0119 na proces recenzji.<\/li><li>Nades\u0142ane publikacje s\u0105 poddane ocenie w pierwszej kolejno\u015bci przez Redakcj\u0119.<\/li><li>Nast\u0119pnie publikacje s\u0105 recenzowane przez dw\u00f3ch rzetelnych recenzent\u00f3w, kt\u00f3rzy nie s\u0105 cz\u0142onkami Redakcji pisma i posiadaj\u0105 co najmniej stopie\u0144 doktora.<\/li><li>Nades\u0142ane prace nie b\u0119d\u0105 wysy\u0142ane do recenzent\u00f3w z tej samej plac\u00f3wki, z kt\u00f3rej pochodz\u0105 Autorzy oraz do os\u00f3b mog\u0105cych pozostawa\u0107 z Autorem w konflikcie interes\u00f3w.<\/li><li>Prace recenzowane s\u0105 poufnie i anonimowo.<\/li><li>Pracy nadawany jest numer redakcyjny, identyfikuj\u0105cy j\u0105 na dalszych etapach procesu wydawniczego.<\/li><li>Recenzentom nie wolno wykorzystywa\u0107 wiedzy na temat pracy przed jej publikacj\u0105.<\/li><li>Recenzent przekazuje sporz\u0105dzon\u0105 recenzj\u0119 w postaci elektronicznej na adres mailowy Redakcji podany na formularzu recenzji oraz w formie papierowej z odr\u0119cznym podpisem, kt\u00f3ra przechowywana jest w Redakcji przez okres 5 lat.<\/li><li>Ostateczn\u0105 kwalifikacj\u0119 do druku podejmuje Redaktor Naczelny na podstawie analizy uwag zawartych w recenzji i ostatecznej wersji artyku\u0142u dostarczonej przez Autora.<\/li><li>Raz w roku Redakcja zamieszcza na stronie internetowej uaktualnion\u0105 pe\u0142n\u0105 list\u0119 Recenzent\u00f3w, z kt\u00f3rymi wsp\u00f3\u0142pracuje.<\/li><\/ol>\t\t\t\t\t\t\t\t<\/div>\n\t\t\t\t\t<\/div>\n\t\t\t\t<\/div>\n\t\t\t\t<\/div>\n\t\t","protected":false},"excerpt":{"rendered":"<p>PROCEDURA Procedura recenzowania artyku\u0142\u00f3w naukowych Procedura recenzowania artyku\u0142\u00f3w w jest zgodna z zaleceniami opisanymi w broszurze Ministerstwa Nauki Szkolnictwa Wy\u017cszego \u201eDobre praktyki w procedurach recenzyjnych w nauce\u201d, Warszawa 2011. Autorzy przysy\u0142aj\u0105c prac\u0119 do publikacji w czasopi\u015bmie wyra\u017caj\u0105 zgod\u0119 na proces recenzji. Nades\u0142ane publikacje s\u0105 poddane ocenie w pierwszej kolejno\u015bci przez Redakcj\u0119. Nast\u0119pnie publikacje s\u0105 recenzowane przez dw\u00f3ch rzetelnych recenzent\u00f3w, kt\u00f3rzy [&hellip;]<\/p>\n","protected":false},"author":1,"featured_media":0,"parent":0,"menu_order":0,"comment_status":"closed","ping_status":"closed","template":"","meta":{"footnotes":""},"class_list":["post-692","page","type-page","status-publish","hentry"],"_links":{"self":[{"href":"https:\/\/naszaprzeszlosc.pl\/index.php?rest_route=\/wp\/v2\/pages\/692","targetHints":{"allow":["GET"]}}],"collection":[{"href":"https:\/\/naszaprzeszlosc.pl\/index.php?rest_route=\/wp\/v2\/pages"}],"about":[{"href":"https:\/\/naszaprzeszlosc.pl\/index.php?rest_route=\/wp\/v2\/types\/page"}],"author":[{"embeddable":true,"href":"https:\/\/naszaprzeszlosc.pl\/index.php?rest_route=\/wp\/v2\/users\/1"}],"replies":[{"embeddable":true,"href":"https:\/\/naszaprzeszlosc.pl\/index.php?rest_route=%2Fwp%2Fv2%2Fcomments&post=692"}],"version-history":[{"count":10,"href":"https:\/\/naszaprzeszlosc.pl\/index.php?rest_route=\/wp\/v2\/pages\/692\/revisions"}],"predecessor-version":[{"id":1797,"href":"https:\/\/naszaprzeszlosc.pl\/index.php?rest_route=\/wp\/v2\/pages\/692\/revisions\/1797"}],"wp:attachment":[{"href":"https:\/\/naszaprzeszlosc.pl\/index.php?rest_route=%2Fwp%2Fv2%2Fmedia&parent=692"}],"curies":[{"name":"wp","href":"https:\/\/api.w.org\/{rel}","templated":true}]}}