{"id":882,"date":"2025-10-05T19:33:35","date_gmt":"2025-10-05T17:33:35","guid":{"rendered":"https:\/\/naszaprzeszlosc.pl\/?page_id=882"},"modified":"2025-11-01T21:16:38","modified_gmt":"2025-11-01T20:16:38","slug":"zespol-redakcyjny","status":"publish","type":"page","link":"https:\/\/naszaprzeszlosc.pl\/?page_id=882","title":{"rendered":"Zesp\u00f3\u0142 redakcyjny"},"content":{"rendered":"\t\t<div data-elementor-type=\"wp-page\" data-elementor-id=\"882\" class=\"elementor elementor-882\" data-elementor-settings=\"{&quot;ha_cmc_init_switcher&quot;:&quot;no&quot;}\">\n\t\t\t\t\t\t<section class=\"has_eae_slider elementor-section elementor-top-section elementor-element elementor-element-3ddaf9a5 elementor-section-stretched elementor-section-boxed elementor-section-height-default elementor-section-height-default\" data-eae-slider=\"88806\" data-id=\"3ddaf9a5\" data-element_type=\"section\" data-e-type=\"section\" data-settings=\"{&quot;stretch_section&quot;:&quot;section-stretched&quot;,&quot;background_background&quot;:&quot;classic&quot;,&quot;_ha_eqh_enable&quot;:false}\">\n\t\t\t\t\t\t<div class=\"elementor-container elementor-column-gap-default\">\n\t\t\t\t\t<div class=\"has_eae_slider elementor-column elementor-col-100 elementor-top-column elementor-element elementor-element-5c76b651\" data-eae-slider=\"17755\" data-id=\"5c76b651\" data-element_type=\"column\" data-e-type=\"column\">\n\t\t\t<div class=\"elementor-widget-wrap elementor-element-populated\">\n\t\t\t\t\t\t<div class=\"elementor-element elementor-element-44a5cf1e elementor-widget__width-initial elementor-widget elementor-widget-heading\" data-id=\"44a5cf1e\" data-element_type=\"widget\" data-e-type=\"widget\" data-widget_type=\"heading.default\">\n\t\t\t\t\t<h2 class=\"elementor-heading-title elementor-size-default\">ZESP\u00d3\u0141 REDAKCYJNY<\/h2>\t\t\t\t<\/div>\n\t\t\t\t<div class=\"elementor-element elementor-element-79c719ce elementor-widget elementor-widget-text-editor\" data-id=\"79c719ce\" data-element_type=\"widget\" data-e-type=\"widget\" data-widget_type=\"text-editor.default\">\n\t\t\t\t\t\t\t\t\t<p>8 IX 1946 r. rozpocz\u0119cie dzia\u0142alno\u015bci Wydawnictwa \u201eNasza Przesz\u0142o\u015b\u0107\u201d. Za\u0142o\u017cycielem \u2013 ks. dr hab. ALFONS SCHLETZ CM<\/p>\t\t\t\t\t\t\t\t<\/div>\n\t\t\t\t<div class=\"elementor-element elementor-element-7819e2c elementor-widget-divider--view-line elementor-widget elementor-widget-divider\" data-id=\"7819e2c\" data-element_type=\"widget\" data-e-type=\"widget\" data-widget_type=\"divider.default\">\n\t\t\t\t\t\t\t<div class=\"elementor-divider\">\n\t\t\t<span class=\"elementor-divider-separator\">\n\t\t\t\t\t\t<\/span>\n\t\t<\/div>\n\t\t\t\t\t\t<\/div>\n\t\t\t\t\t<\/div>\n\t\t<\/div>\n\t\t\t\t\t<\/div>\n\t\t<\/section>\n\t\t<div class=\"has_eae_slider elementor-element elementor-element-82eb8a8 e-flex e-con-boxed e-con e-parent\" data-eae-slider=\"38928\" data-id=\"82eb8a8\" data-element_type=\"container\" data-e-type=\"container\" data-settings=\"{&quot;_ha_eqh_enable&quot;:false}\">\n\t\t\t\t\t<div class=\"e-con-inner\">\n\t\t\t\t<div class=\"elementor-element elementor-element-b8f8dbc elementor-widget elementor-widget-text-editor\" data-id=\"b8f8dbc\" data-element_type=\"widget\" data-e-type=\"widget\" data-widget_type=\"text-editor.default\">\n\t\t\t\t\t\t\t\t\t<p><strong>KOLEGIUM REDAKCYJNE<\/strong><\/p><ol><li>ks. dr Wac\u0142aw Umi\u0144ski CM (UPJPII Krak\u00f3w) &#8211; redaktor naczelny<\/li><li>ks. dr Micha\u0142 Lipi\u0144ski CM (ITKM Krak\u00f3w) &#8211; zast\u0119pca redaktora naczelnego<\/li><li>ks. mgr Dariusz Budzy\u0144ski CM (ANP Krak\u00f3w) &#8211; sekretarz redakcji<\/li><\/ol><p><strong>Cz\u0142onkowie redakcji:<\/strong><\/p><ol><li>dr hab. Kazimiera Jaworska (prof. PWT Wroc\u0142aw)<\/li><li>dr hab. Evelina Kristanova (prof. Uniwersytetu SWPS Warszawa)<\/li><li>dr hab. Cecylia Kuta (IPN Krak\u00f3w)<\/li><li>dr Adam Szot (AMAB)<\/li><li>mgr Maria Konieczna (IPN Krak\u00f3w)<\/li><li>mgr Magdalena Marosz (ANK Krak\u00f3w)<\/li><li>mgr Stanis\u0142awa Piotrowska (Krak\u00f3w)<\/li><li>mgr Agata Gruz\u0142a \u2013 redaktor j\u0119zykowy (Krak\u00f3w)<\/li><\/ol><p><strong>RADA NAUKOWA<\/strong><\/p><ol><li>bp prof. dr hab. Jan Kopiec (Opole)<\/li><li>dr hab. Peter Borza (Pavol Jozef Safarik University, Koszyce, S\u0142owacja)<\/li><li>dr hab. W\u0142odzimierz Bielak (prof. KUL Lublin)<\/li><li>dr hab. Richard Butterwick-Pawlikowski (University College, London, Anglia)<\/li><li>dr hab. Martyna Deszczy\u0144ska (Collegium Verum, Warszawa)<\/li><li>dr hab. Cs\u00e9by G\u00e9za (Keszthely, W\u0119gry)<\/li><li>prof. dr hab. Miros\u0142aw Golon (UMK Toru\u0144)<\/li><li>ks. prof. zw. dr. hab. J\u00f3zef Marecki (UPJPII Krak\u00f3w)<\/li><li>ks. dr. hab. Przemys\u0142aw Nowakowski CM (prof. UPJPII Krak\u00f3w),<\/li><li>ks. dr hab. Jan Pietrzykowski SDB (UKSW Warszawa)<\/li><li>ks. dr hab. Mieczys\u0142aw R\u00f3\u017ca\u0144ski (prof. UWM Olsztyn)<\/li><li>dr hab. Lucyna Rotter (prof. UPJPII Krak\u00f3w),<\/li><li>prof. dr hab. Jerzy Strzelczyk (UAM Pozna\u0144)<\/li><li>dr hab. Karel Sladek (Univerzita Karlova Praga, Czechy)<\/li><li>o. dr hab. Dominik Zamiata\u0142a CMF (prof. UKSW Warszawa)<\/li><li>ks. dr hab. Stanis\u0142aw Zimniak SDB (Salezja\u0144ski Instytut Historyczny, Rzym, W\u0142ochy)<\/li><\/ol><p><strong>ZESP\u00d3\u0141 REDAKCYJNY<\/strong><\/p><p><strong>Redaktorzy<\/strong><\/p><ol><li>ks. Wac\u0142aw Umi\u0144ski CM, Uniwersytet Papieski Jana Paw\u0142a II w Krakowie<\/li><li>ks. Micha\u0142 Lipi\u0144ski CM, Instytut Teologiczny Ksi\u0119\u017cy Misjonarzy w Krakowie<\/li><li>Kazimiera Jaworska, Papieski Wydzia\u0142 Teologiczny we Wroc\u0142awiu<\/li><li>Evelina Kristanowa, Uniwersytet SWPS w Warszawie<\/li><li>Cecylia Kuta, Instytut Pami\u0119ci Narodowej w Krakowie<\/li><li>ks. Adam Szot, Archiwum i Muzeum Archidiecezjalnego w Bia\u0142ymstoku<\/li><li>Magdalena Marosz, Archiwum Narodowe w Krakowie<\/li><li>ks. Dariusz Budzy\u0144ski CM, Archiwum Redakcji \u201eNaszej Przesz\u0142o\u015bci, Krak\u00f3w<\/li><\/ol><p><strong>\u00a0<\/strong><strong>Korektorzy<\/strong><\/p><ol><li>mgr Wojciech Marcinek (j. polski)<\/li><li>mgr Agata Gruz\u0142a (j. polski)<\/li><li>mgr Joanna Szczepa\u0144ska-W\u0142och (j. angielski)<\/li><\/ol>\t\t\t\t\t\t\t\t<\/div>\n\t\t\t\t\t<\/div>\n\t\t\t\t<\/div>\n\t\t\t\t<\/div>\n\t\t","protected":false},"excerpt":{"rendered":"<p>ZESP\u00d3\u0141 REDAKCYJNY 8 IX 1946 r. rozpocz\u0119cie dzia\u0142alno\u015bci Wydawnictwa \u201eNasza Przesz\u0142o\u015b\u0107\u201d. Za\u0142o\u017cycielem \u2013 ks. dr hab. ALFONS SCHLETZ CM KOLEGIUM REDAKCYJNE ks. dr Wac\u0142aw Umi\u0144ski CM (UPJPII Krak\u00f3w) &#8211; redaktor naczelny ks. dr Micha\u0142 Lipi\u0144ski CM (ITKM Krak\u00f3w) &#8211; zast\u0119pca redaktora naczelnego ks. mgr Dariusz Budzy\u0144ski CM (ANP Krak\u00f3w) &#8211; sekretarz redakcji Cz\u0142onkowie redakcji: dr hab. Kazimiera Jaworska (prof. PWT [&hellip;]<\/p>\n","protected":false},"author":1,"featured_media":0,"parent":0,"menu_order":0,"comment_status":"closed","ping_status":"closed","template":"","meta":{"footnotes":""},"class_list":["post-882","page","type-page","status-publish","hentry"],"_links":{"self":[{"href":"https:\/\/naszaprzeszlosc.pl\/index.php?rest_route=\/wp\/v2\/pages\/882","targetHints":{"allow":["GET"]}}],"collection":[{"href":"https:\/\/naszaprzeszlosc.pl\/index.php?rest_route=\/wp\/v2\/pages"}],"about":[{"href":"https:\/\/naszaprzeszlosc.pl\/index.php?rest_route=\/wp\/v2\/types\/page"}],"author":[{"embeddable":true,"href":"https:\/\/naszaprzeszlosc.pl\/index.php?rest_route=\/wp\/v2\/users\/1"}],"replies":[{"embeddable":true,"href":"https:\/\/naszaprzeszlosc.pl\/index.php?rest_route=%2Fwp%2Fv2%2Fcomments&post=882"}],"version-history":[{"count":7,"href":"https:\/\/naszaprzeszlosc.pl\/index.php?rest_route=\/wp\/v2\/pages\/882\/revisions"}],"predecessor-version":[{"id":1824,"href":"https:\/\/naszaprzeszlosc.pl\/index.php?rest_route=\/wp\/v2\/pages\/882\/revisions\/1824"}],"wp:attachment":[{"href":"https:\/\/naszaprzeszlosc.pl\/index.php?rest_route=%2Fwp%2Fv2%2Fmedia&parent=882"}],"curies":[{"name":"wp","href":"https:\/\/api.w.org\/{rel}","templated":true}]}}