{"id":888,"date":"2025-10-05T19:38:44","date_gmt":"2025-10-05T17:38:44","guid":{"rendered":"https:\/\/naszaprzeszlosc.pl\/?page_id=888"},"modified":"2025-11-01T20:34:23","modified_gmt":"2025-11-01T19:34:23","slug":"recenzenci","status":"publish","type":"page","link":"https:\/\/naszaprzeszlosc.pl\/?page_id=888","title":{"rendered":"Recenzenci"},"content":{"rendered":"\t\t<div data-elementor-type=\"wp-page\" data-elementor-id=\"888\" class=\"elementor elementor-888\" data-elementor-settings=\"{&quot;ha_cmc_init_switcher&quot;:&quot;no&quot;}\">\n\t\t\t\t\t\t<section class=\"has_eae_slider elementor-section elementor-top-section elementor-element elementor-element-22941d70 elementor-section-stretched elementor-section-boxed elementor-section-height-default elementor-section-height-default\" data-eae-slider=\"54145\" data-id=\"22941d70\" data-element_type=\"section\" data-e-type=\"section\" data-settings=\"{&quot;stretch_section&quot;:&quot;section-stretched&quot;,&quot;background_background&quot;:&quot;classic&quot;,&quot;_ha_eqh_enable&quot;:false}\">\n\t\t\t\t\t\t<div class=\"elementor-container elementor-column-gap-default\">\n\t\t\t\t\t<div class=\"has_eae_slider elementor-column elementor-col-100 elementor-top-column elementor-element elementor-element-68f754c7\" data-eae-slider=\"8932\" data-id=\"68f754c7\" data-element_type=\"column\" data-e-type=\"column\">\n\t\t\t<div class=\"elementor-widget-wrap elementor-element-populated\">\n\t\t\t\t\t\t<div class=\"elementor-element elementor-element-37ee96b0 elementor-widget__width-initial elementor-widget elementor-widget-heading\" data-id=\"37ee96b0\" data-element_type=\"widget\" data-e-type=\"widget\" data-widget_type=\"heading.default\">\n\t\t\t\t\t<h2 class=\"elementor-heading-title elementor-size-default\">RECENZENCI<\/h2>\t\t\t\t<\/div>\n\t\t\t\t<div class=\"elementor-element elementor-element-4f8ab31b elementor-widget elementor-widget-text-editor\" data-id=\"4f8ab31b\" data-element_type=\"widget\" data-e-type=\"widget\" data-widget_type=\"text-editor.default\">\n\t\t\t\t\t\t\t\t\t<p>8 IX 1946 r. rozpocz\u0119cie dzia\u0142alno\u015bci Wydawnictwa \u201eNasza Przesz\u0142o\u015b\u0107\u201d. Za\u0142o\u017cycielem \u2013 ks. dr hab. ALFONS SCHLETZ CM<\/p>\t\t\t\t\t\t\t\t<\/div>\n\t\t\t\t<div class=\"elementor-element elementor-element-11ac3ec4 elementor-widget-divider--view-line elementor-widget elementor-widget-divider\" data-id=\"11ac3ec4\" data-element_type=\"widget\" data-e-type=\"widget\" data-widget_type=\"divider.default\">\n\t\t\t\t\t\t\t<div class=\"elementor-divider\">\n\t\t\t<span class=\"elementor-divider-separator\">\n\t\t\t\t\t\t<\/span>\n\t\t<\/div>\n\t\t\t\t\t\t<\/div>\n\t\t\t\t\t<\/div>\n\t\t<\/div>\n\t\t\t\t\t<\/div>\n\t\t<\/section>\n\t\t<div class=\"has_eae_slider elementor-element elementor-element-71eb629 e-flex e-con-boxed e-con e-parent\" data-eae-slider=\"870\" data-id=\"71eb629\" data-element_type=\"container\" data-e-type=\"container\" data-settings=\"{&quot;_ha_eqh_enable&quot;:false}\">\n\t\t\t\t\t<div class=\"e-con-inner\">\n\t\t\t\t<div class=\"elementor-element elementor-element-35afd48 elementor-widget elementor-widget-text-editor\" data-id=\"35afd48\" data-element_type=\"widget\" data-e-type=\"widget\" data-widget_type=\"text-editor.default\">\n\t\t\t\t\t\t\t\t\t<p><strong>Recenzenci tomu 142<br \/><\/strong>dr hab. W\u0142odzimierz Bielak, prof. KUL, Katolicki Uniwersytet Lubelski Jana Paw\u0142a II<br \/>dr hab. Martyna Deszczy\u0144ska, Collegium Verum w Warszawie<br \/>prof. dr hab. Adam Dziurok, Uniwersytet \u015al\u0105ski w Katowicach<br \/>dr hab. Tomasz Graff, prof. UPJPII, Uniwersytet Papieski Jana Paw\u0142a II w Krakowie<br \/>dr Jadwiga Kupczewska, Katolicki Uniwersytet Lubelski Jana Paw\u0142a II<br \/>dr B\u0142a\u017cej Kurowski OFM, wyk\u0142adowca w Wy\u017cszym Seminarium Duchownym Franciszkan\u00f3w we Wroc\u0142awiu<br \/>dr hab. Jaros\u0142aw Marczewski, Katolicki Uniwersytet Lubelski Jana Paw\u0142a II<br \/>prof. zw. dr hab. J\u00f3zef Marecki, Instytut Pami\u0119ci Narodowej w Krakowie<br \/>dr hab. Wiktor Szymborski, prof. UJ, Uniwersytet Jagiello\u0144ski<br \/>prof. dr hab. Andrzej Witko, Uniwersytet Papieski Jana Paw\u0142a II w Krakowie<br \/>prof. dr hab. J\u00f3zef Wo\u0142cza\u0144ski, Uniwersytet Papieski Jana Paw\u0142a II w Krakowie<br \/>dr hab. Stanis\u0142aw Wypych CM, Warszawa<\/p>\t\t\t\t\t\t\t\t<\/div>\n\t\t\t\t\t<\/div>\n\t\t\t\t<\/div>\n\t\t<div class=\"has_eae_slider elementor-element elementor-element-aadab2b e-flex e-con-boxed e-con e-parent\" data-eae-slider=\"99651\" data-id=\"aadab2b\" data-element_type=\"container\" data-e-type=\"container\" data-settings=\"{&quot;_ha_eqh_enable&quot;:false}\">\n\t\t\t\t\t<div class=\"e-con-inner\">\n\t\t\t\t<div class=\"elementor-element elementor-element-0f84b3e elementor-widget elementor-widget-text-editor\" data-id=\"0f84b3e\" data-element_type=\"widget\" data-e-type=\"widget\" data-widget_type=\"text-editor.default\">\n\t\t\t\t\t\t\t\t\t<p><strong>Recenzenci tomu 141<br \/><\/strong>Ks. dr hab. Stanis\u0142aw Cie\u015blak SJ, prof. UIK, Uniwersytet Ignatianum w Krakowie<br \/>Dr Andrzej Godek, Krak\u00f3w<br \/>Ks. dr hab. Norbert Jerzak, prof. PWT, Papieski Wydzia\u0142 Teologiczny we Wroc\u0142awiu<br \/>Dr hab. Ma\u0142gorzata Laskowska, prof. UKSW, Uniwersytet Kardyna\u0142a Stefana Wyszy\u0144skiego w Warszawie<br \/>Dk. prof. dr hab. Waldemar Rozynkowski, Uniwersytet Miko\u0142aja Kopernika w Toruniu<br \/>Ks. dr hab. Grzegorz Soko\u0142owski, prof. PWT, Papieski Wydzia\u0142 Teologiczny we Wroc\u0142awiu<br \/>Prof. dr hab. Marian Surdacki, Katolicki Uniwersytet Lubelski Jana Paw\u0142a II w Lublinie<br \/>Dr Artur Szczerbinin, Akademia Muzyczna im. Krzysztofa Pendereckiego w Krakowie<br \/>Dr hab. Jacek Szpak, Uniwersytet \u015al\u0105ski w Katowicach<br \/>Ks. prof. dr hab. Dariusz Tabor CR, Uniwersytet Papieski Jana Paw\u0142a II w Krakowie<br \/>Ks. prof. dr hab. Jan Walkusz, Katolicki Uniwersytet Lubelski Jana Paw\u0142a II w Lublinie<br \/>Ks. prof. dr hab. Andrzej Witko, Uniwersytet Papieski Jana Paw\u0142a II w Krakowie<br \/>Prof. dr hab. Leszek Wojciechowski, Katolicki Uniwersytet Lubelski Jana Paw\u0142a II w Lublinie<br \/>dr hab. Dominik Zamiata\u0142a CMF, prof. UKSW, Uniwersytet Kardyna\u0142a Stefana Wyszy\u0144skiego w Warszawie<\/p>\t\t\t\t\t\t\t\t<\/div>\n\t\t\t\t\t<\/div>\n\t\t\t\t<\/div>\n\t\t<div class=\"has_eae_slider elementor-element elementor-element-8e8cf0f e-flex e-con-boxed e-con e-parent\" data-eae-slider=\"88812\" data-id=\"8e8cf0f\" data-element_type=\"container\" data-e-type=\"container\" data-settings=\"{&quot;_ha_eqh_enable&quot;:false}\">\n\t\t\t\t\t<div class=\"e-con-inner\">\n\t\t\t\t<div class=\"elementor-element elementor-element-ae9a7b7 elementor-widget elementor-widget-text-editor\" data-id=\"ae9a7b7\" data-element_type=\"widget\" data-e-type=\"widget\" data-widget_type=\"text-editor.default\">\n\t\t\t\t\t\t\t\t\t<p><strong>Recenzenci tomu 140<br \/><\/strong>dr hab. S\u0142awomir Augusiewicz, prof. UWM, Uniwersytet Warmi\u0144sko-Mazurski w Olsztynie <br \/>dr hab. Martyna Deszczy\u0144ska, Collegium Verum w Warszawie<br \/>prof. dr hab. Marek G\u00f3rny, Uniwersytet Wroc\u0142awski <br \/>o. dr B\u0142a\u017cej Kurowski OFM, wyk\u0142adowca w Wy\u017cszym Seminarium Duchownym Franciszkan\u00f3w we Wroc\u0142awiu<br \/>ks. dr hab. Rafa\u0142 Le\u015bniczak, prof. UKSW, Uniwersytet Kardyna\u0142a Stefana Wyszy\u0144skiego w Warszawie<br \/>ks. prof. zw. dr hab. J\u00f3zef Marecki, Uniwersytet Papieski Jana Paw\u0142a II w Krakowie<br \/>ks. prof. dr hab. Jan Pietrzykowski SDB, Uniwersytet Kardyna\u0142a Stefana Wyszy\u0144skiego w Warszawie<br \/>dr hab. Dariusz Rolnik, prof. US, Uniwersytet \u015al\u0105ski w Katowicach<br \/>ks. dr hab. Mieczys\u0142aw R\u00f3\u017ca\u0144ski, prof. UWM, Uniwersytet Warmi\u0144sko-Mazurski w Olsztynie<br \/>ks. dr Rafa\u0142 \u015apiewak, Uniwersytet Ekonomiczny w Katowicach<\/p>\t\t\t\t\t\t\t\t<\/div>\n\t\t\t\t\t<\/div>\n\t\t\t\t<\/div>\n\t\t\t\t<\/div>\n\t\t","protected":false},"excerpt":{"rendered":"<p>RECENZENCI 8 IX 1946 r. rozpocz\u0119cie dzia\u0142alno\u015bci Wydawnictwa \u201eNasza Przesz\u0142o\u015b\u0107\u201d. Za\u0142o\u017cycielem \u2013 ks. dr hab. ALFONS SCHLETZ CM Recenzenci tomu 142dr hab. W\u0142odzimierz Bielak, prof. KUL, Katolicki Uniwersytet Lubelski Jana Paw\u0142a IIdr hab. Martyna Deszczy\u0144ska, Collegium Verum w Warszawieprof. dr hab. Adam Dziurok, Uniwersytet \u015al\u0105ski w Katowicachdr hab. Tomasz Graff, prof. UPJPII, Uniwersytet Papieski Jana Paw\u0142a II w Krakowiedr Jadwiga [&hellip;]<\/p>\n","protected":false},"author":1,"featured_media":0,"parent":0,"menu_order":0,"comment_status":"closed","ping_status":"closed","template":"","meta":{"footnotes":""},"class_list":["post-888","page","type-page","status-publish","hentry"],"_links":{"self":[{"href":"https:\/\/naszaprzeszlosc.pl\/index.php?rest_route=\/wp\/v2\/pages\/888","targetHints":{"allow":["GET"]}}],"collection":[{"href":"https:\/\/naszaprzeszlosc.pl\/index.php?rest_route=\/wp\/v2\/pages"}],"about":[{"href":"https:\/\/naszaprzeszlosc.pl\/index.php?rest_route=\/wp\/v2\/types\/page"}],"author":[{"embeddable":true,"href":"https:\/\/naszaprzeszlosc.pl\/index.php?rest_route=\/wp\/v2\/users\/1"}],"replies":[{"embeddable":true,"href":"https:\/\/naszaprzeszlosc.pl\/index.php?rest_route=%2Fwp%2Fv2%2Fcomments&post=888"}],"version-history":[{"count":7,"href":"https:\/\/naszaprzeszlosc.pl\/index.php?rest_route=\/wp\/v2\/pages\/888\/revisions"}],"predecessor-version":[{"id":1800,"href":"https:\/\/naszaprzeszlosc.pl\/index.php?rest_route=\/wp\/v2\/pages\/888\/revisions\/1800"}],"wp:attachment":[{"href":"https:\/\/naszaprzeszlosc.pl\/index.php?rest_route=%2Fwp%2Fv2%2Fmedia&parent=888"}],"curies":[{"name":"wp","href":"https:\/\/api.w.org\/{rel}","templated":true}]}}